{"id":716,"date":"2022-11-23T13:21:59","date_gmt":"2022-11-23T13:21:59","guid":{"rendered":"https:\/\/news.mrsantos.com\/?page_id=716"},"modified":"2022-11-24T14:08:44","modified_gmt":"2022-11-24T14:08:44","slug":"ultimos-cursos","status":"publish","type":"page","link":"https:\/\/news.mrsantos.com\/?page_id=716","title":{"rendered":"\u00daltimos cursos"},"content":{"rendered":"<div data-colibri-id=\"716-c1\" class=\"style-351 style-local-716-c1 position-relative\">\n  <!---->\n  <div data-colibri-component=\"section\" data-colibri-id=\"716-c2\" id=\"features\" class=\"h-section h-section-global-spacing d-flex align-items-lg-center align-items-md-center align-items-center style-352 style-local-716-c2 position-relative\">\n    <!---->\n    <!---->\n    <div class=\"h-section-grid-container h-section-boxed-container\">\n      <div data-colibri-id=\"716-c28\" class=\"h-row-container gutters-row-lg-2 gutters-row-md-2 gutters-row-0 gutters-row-v-lg-2 gutters-row-v-md-2 gutters-row-v-2 style-362 style-local-716-c28 position-relative\">\n        <!---->\n        <div class=\"h-row justify-content-lg-center justify-content-md-center justify-content-center align-items-lg-stretch align-items-md-stretch align-items-stretch gutters-col-lg-2 gutters-col-md-2 gutters-col-0 gutters-col-v-lg-2 gutters-col-v-md-2 gutters-col-v-2\">\n          <!---->\n          <div class=\"h-column h-column-container d-flex h-col-lg-auto h-col-md-auto h-col-auto style-363-outer style-local-716-c29-outer\">\n            <div data-colibri-id=\"716-c29\" class=\"d-flex h-flex-basis h-column__inner h-px-lg-2 h-px-md-2 h-px-2 v-inner-lg-2 v-inner-md-2 v-inner-2 style-363 style-local-716-c29 position-relative\">\n              <!---->\n              <!---->\n              <div class=\"w-100 h-y-container h-column__content h-column__v-align flex-basis-100 align-self-lg-start align-self-md-start align-self-start\">\n                <!---->\n                <div data-colibri-id=\"716-c30\" class=\"h-global-transition-all h-heading style-364 style-local-716-c30 position-relative h-element\">\n                  <!---->\n                  <div class=\"h-heading__outer style-364 style-local-716-c30\">\n                    <!---->\n                    <!---->\n                    <h2 class=\"\">CURSOS Y SEMINARIOS<\/h2>\n                  <\/div>\n                <\/div>\n                <div data-colibri-id=\"716-c31\" class=\"h-lead h-text h-text-component style-365 style-local-716-c31 position-relative h-element\">\n                  <!---->\n                  <!---->\n                  <div class=\"\">\n                    <p>Realizo diferentes cursos y seminarios con expertos e influencers del sector blockchain y de econom\u00eda y finanzas.<\/p>\n                  <\/div>\n                <\/div>\n              <\/div>\n            <\/div>\n          <\/div>\n        <\/div>\n      <\/div>\n      <div data-colibri-id=\"716-c3\" class=\"h-row-container gutters-row-lg-2 gutters-row-md-2 gutters-row-2 gutters-row-v-lg-2 gutters-row-v-md-2 gutters-row-v-2 style-353 style-local-716-c3 position-relative\">\n        <!---->\n        <div class=\"h-row justify-content-lg-center justify-content-md-center justify-content-center align-items-lg-stretch align-items-md-stretch align-items-stretch gutters-col-lg-2 gutters-col-md-2 gutters-col-2 gutters-col-v-lg-2 gutters-col-v-md-2 gutters-col-v-2\">\n          <!---->\n          <div class=\"h-column h-column-container d-flex h-col-lg-4 h-col-md-6 h-col-12 style-354-outer style-local-716-c4-outer\">\n            <div data-colibri-id=\"716-c4\" class=\"d-flex h-flex-basis h-column__inner h-px-lg-0 h-px-md-0 h-px-0 v-inner-lg-0 v-inner-md-0 v-inner-0 style-354 style-local-716-c4 position-relative\">\n              <!---->\n              <!---->\n              <div class=\"w-100 h-y-container h-column__content h-column__v-align flex-basis-100 align-self-lg-start align-self-md-start align-self-start\">\n                <!---->\n                <div data-colibri-id=\"716-c5\" class=\"d-block style-355 style-local-716-c5 position-relative h-element\">\n                  <!---->\n                  <div class=\"h-image__frame-container-outer\">\n                    <div class=\"h-image__frame-container\">\n                      <!---->\n                      <!---->\n                      <img decoding=\"async\" loading=\"lazy\" width=\"426\" height=\"426\" src=\"https:\/\/news.mrsantos.com\/wp-content\/uploads\/2022\/11\/cropped-147-Tributacion-bitcoin-criptomonedas-640-1.jpeg\" class=\"wp-image-734 style-355-image style-local-716-c5-image\" srcset=\"https:\/\/news.mrsantos.com\/wp-content\/uploads\/2022\/11\/cropped-147-Tributacion-bitcoin-criptomonedas-640-1.jpeg 426w, https:\/\/news.mrsantos.com\/wp-content\/uploads\/2022\/11\/cropped-147-Tributacion-bitcoin-criptomonedas-640-1-300x300.jpeg 300w, https:\/\/news.mrsantos.com\/wp-content\/uploads\/2022\/11\/cropped-147-Tributacion-bitcoin-criptomonedas-640-1-150x150.jpeg 150w\" sizes=\"(max-width: 426px) 100vw, 426px\" alt=\"\" \/>\n                      <div class=\"h-image__frame h-hide-lg h-hide-md h-hide-sm style-355-frameImage style-local-716-c5-frameImage\"><\/div>\n                    <\/div>\n                  <\/div>\n                <\/div>\n                <div data-colibri-id=\"716-c6\" class=\"h-row-container gutters-row-lg-0 gutters-row-md-0 gutters-row-2 gutters-row-v-lg-0 gutters-row-v-md-0 gutters-row-v-2 style-356 style-local-716-c6 position-relative\">\n                  <!---->\n                  <div class=\"h-row justify-content-lg-center justify-content-md-center justify-content-center align-items-lg-stretch align-items-md-stretch align-items-stretch gutters-col-lg-0 gutters-col-md-0 gutters-col-2 gutters-col-v-lg-0 gutters-col-v-md-0 gutters-col-v-2\">\n                    <!---->\n                    <div class=\"h-column h-column-container d-flex h-col-lg-auto h-col-md-auto h-col-auto style-357-outer style-local-716-c7-outer\">\n                      <div data-colibri-id=\"716-c7\" class=\"d-flex h-flex-basis h-column__inner h-px-lg-2 h-px-md-3 h-px-2 v-inner-lg-2 v-inner-md-3 v-inner-2 style-357 style-local-716-c7 position-relative\">\n                        <!---->\n                        <!---->\n                        <div class=\"w-100 h-y-container h-column__content h-column__v-align flex-basis-100 align-self-lg-start align-self-md-start align-self-start\">\n                          <!---->\n                          <div data-colibri-id=\"716-c8\" class=\"h-global-transition-all h-heading style-358 style-local-716-c8 position-relative h-element\">\n                            <!---->\n                            <div class=\"h-heading__outer style-358 style-local-716-c8\">\n                              <!---->\n                              <!---->\n                              <h4 class=\"\">FISCALIDAD EN WEB3<\/h4>\n                            <\/div>\n                          <\/div>\n                          <div data-colibri-id=\"716-c9\" class=\"h-text h-text-component style-359 style-local-716-c9 position-relative h-element\">\n                            <!---->\n                            <!---->\n                            <div class=\"\">\n                              <p>Fecha: 21 de Diciembre 2022<\/p>\n                              <p>Aprende sobre c\u00f3mo se declaran las criptomonedas en Espa\u00f1a y las cosas que debes tener en cuenta a la hora de formar una empresa.<\/p>\n                            <\/div>\n                          <\/div>\n                        <\/div>\n                      <\/div>\n                    <\/div>\n                  <\/div>\n                <\/div>\n                <div data-colibri-id=\"716-c10\" class=\"h-x-container style-360 style-local-716-c10 position-relative h-element\">\n                  <!---->\n                  <div class=\"h-x-container-inner style-dynamic-716-c10-group style-360-spacing style-local-716-c10-spacing\"><span class=\"h-link__outer style-361-outer style-local-716-c11-outer d-inline-flex h-element\"><a h-use-smooth-scroll=\"true\" href=\"https:\/\/scuela.com\/es\" target=\"_blank\" data-colibri-id=\"716-c11\" class=\"d-flex w-100 align-items-center h-link style-361 style-local-716-c11 position-relative\" rel=\"noopener\"><!----><!----> <span>Leer m\u00e1s&#8230;<\/span>                    <span class=\"h-svg-icon h-link__icon style-361-icon style-local-716-c11-icon\"><!--Icon by Icons8 Line Awesome (https:\/\/icons8.com\/line-awesome)--><svg version=\"1.1\" xmlns=\"http:\/\/www.w3.org\/2000\/svg\" xmlns:xlink=\"http:\/\/www.w3.org\/1999\/xlink\" id=\"angle-double-right\" viewBox=\"0 0 512 545.5\"><path d=\"M145.5 108.5l168 168L325 288l-11.5 11.5-168 168-22.5-23L279.5 288 123 131.5zm112 0l168 168L437 288l-11.5 11.5-168 168-22.5-23L391.5 288 235 131.5z\"><\/path><\/svg><\/span><\/a>\n                    <\/span>\n                  <\/div>\n                <\/div>\n              <\/div>\n            <\/div>\n          <\/div>\n          <div class=\"h-column h-column-container d-flex h-col-lg-4 h-col-md-6 h-col-12 style-354-outer style-local-716-c12-outer\">\n            <div data-colibri-id=\"716-c12\" class=\"d-flex h-flex-basis h-column__inner h-px-lg-0 h-px-md-0 h-px-0 v-inner-lg-0 v-inner-md-0 v-inner-0 style-354 style-local-716-c12 position-relative\">\n              <!---->\n              <!---->\n              <div class=\"w-100 h-y-container h-column__content h-column__v-align flex-basis-100 align-self-lg-start align-self-md-start align-self-start\">\n                <!---->\n                <div data-colibri-id=\"716-c13\" class=\"d-block style-355 style-local-716-c13 position-relative h-element\">\n                  <!---->\n                  <div class=\"h-image__frame-container-outer\">\n                    <div class=\"h-image__frame-container\">\n                      <!---->\n                      <!---->\n                      <img decoding=\"async\" loading=\"lazy\" width=\"300\" height=\"300\" src=\"https:\/\/news.mrsantos.com\/wp-content\/uploads\/2022\/11\/cropped-course_5f4cffdd8a4f3.png\" class=\"wp-image-735 style-355-image style-local-716-c13-image\" srcset=\"https:\/\/news.mrsantos.com\/wp-content\/uploads\/2022\/11\/cropped-course_5f4cffdd8a4f3.png 300w, https:\/\/news.mrsantos.com\/wp-content\/uploads\/2022\/11\/cropped-course_5f4cffdd8a4f3-150x150.png 150w\" sizes=\"(max-width: 300px) 100vw, 300px\" alt=\"\" \/>\n                      <div class=\"h-image__frame h-hide-lg h-hide-md h-hide-sm style-355-frameImage style-local-716-c13-frameImage\"><\/div>\n                    <\/div>\n                  <\/div>\n                <\/div>\n                <div data-colibri-id=\"716-c14\" class=\"h-row-container gutters-row-lg-0 gutters-row-md-0 gutters-row-2 gutters-row-v-lg-0 gutters-row-v-md-0 gutters-row-v-2 style-356 style-local-716-c14 position-relative\">\n                  <!---->\n                  <div class=\"h-row justify-content-lg-center justify-content-md-center justify-content-center align-items-lg-stretch align-items-md-stretch align-items-stretch gutters-col-lg-0 gutters-col-md-0 gutters-col-2 gutters-col-v-lg-0 gutters-col-v-md-0 gutters-col-v-2\">\n                    <!---->\n                    <div class=\"h-column h-column-container d-flex h-col-lg-auto h-col-md-auto h-col-auto style-357-outer style-local-716-c15-outer\">\n                      <div data-colibri-id=\"716-c15\" class=\"d-flex h-flex-basis h-column__inner h-px-lg-2 h-px-md-3 h-px-2 v-inner-lg-2 v-inner-md-3 v-inner-2 style-357 style-local-716-c15 position-relative\">\n                        <!---->\n                        <!---->\n                        <div class=\"w-100 h-y-container h-column__content h-column__v-align flex-basis-100 align-self-lg-start align-self-md-start align-self-start\">\n                          <!---->\n                          <div data-colibri-id=\"716-c16\" class=\"h-global-transition-all h-heading style-358 style-local-716-c16 position-relative h-element\">\n                            <!---->\n                            <div class=\"h-heading__outer style-358 style-local-716-c16\">\n                              <!---->\n                              <!---->\n                              <h4 class=\"\">ESPECULACI\u00d3N JOSE LUIS CAVA<\/h4>\n                            <\/div>\n                          <\/div>\n                          <div data-colibri-id=\"716-c17\" class=\"h-text h-text-component style-359 style-local-716-c17 position-relative h-element\">\n                            <!---->\n                            <!---->\n                            <div class=\"\">\n                              <p>Fecha: Diciembre 2020<\/p>\n                              <p>El sistema le permitir\u00e1 en primer lugar detectar de forma autom\u00e1tica los valores, \u00edndices, divisas, materias primas o ETFs cuya cotizaci\u00f3n se encuentre en una fuerte tendencia, alcista o bajista. <\/p>\n                            <\/div>\n                          <\/div>\n                        <\/div>\n                      <\/div>\n                    <\/div>\n                  <\/div>\n                <\/div>\n                <div data-colibri-id=\"716-c18\" class=\"h-x-container style-360 style-local-716-c18 position-relative h-element\">\n                  <!---->\n                  <div class=\"h-x-container-inner style-dynamic-716-c18-group style-360-spacing style-local-716-c18-spacing\"><span class=\"h-link__outer style-361-outer style-local-716-c19-outer d-inline-flex h-element\"><a h-use-smooth-scroll=\"true\" href=\"https:\/\/scuela.com\/es\/course\/el-mejor-sistema-de-especulacion-en-bolsa-de-jose-luis-cava\/335\" target=\"_blank\" data-colibri-id=\"716-c19\" class=\"d-flex w-100 align-items-center h-link style-361 style-local-716-c19 position-relative\" rel=\"noopener\"><!----><!----> <span>Leer m\u00e1s&#8230;<\/span>                    <span class=\"h-svg-icon h-link__icon style-361-icon style-local-716-c19-icon\"><!--Icon by Icons8 Line Awesome (https:\/\/icons8.com\/line-awesome)--><svg version=\"1.1\" xmlns=\"http:\/\/www.w3.org\/2000\/svg\" xmlns:xlink=\"http:\/\/www.w3.org\/1999\/xlink\" id=\"angle-double-right\" viewBox=\"0 0 512 545.5\"><path d=\"M145.5 108.5l168 168L325 288l-11.5 11.5-168 168-22.5-23L279.5 288 123 131.5zm112 0l168 168L437 288l-11.5 11.5-168 168-22.5-23L391.5 288 235 131.5z\"><\/path><\/svg><\/span><\/a>\n                    <\/span>\n                  <\/div>\n                <\/div>\n              <\/div>\n            <\/div>\n          <\/div>\n          <div class=\"h-column h-column-container d-flex h-col-lg-4 h-col-md-6 h-col-12 style-354-outer style-local-716-c20-outer\">\n            <div data-colibri-id=\"716-c20\" class=\"d-flex h-flex-basis h-column__inner h-px-lg-0 h-px-md-0 h-px-0 v-inner-lg-0 v-inner-md-0 v-inner-0 style-354 style-local-716-c20 position-relative\">\n              <!---->\n              <!---->\n              <div class=\"w-100 h-y-container h-column__content h-column__v-align flex-basis-100 align-self-lg-start align-self-md-start align-self-start\">\n                <!---->\n                <div data-colibri-id=\"716-c21\" class=\"d-block style-355 style-local-716-c21 position-relative h-element\">\n                  <!---->\n                  <div class=\"h-image__frame-container-outer\">\n                    <div class=\"h-image__frame-container\">\n                      <!---->\n                      <!---->\n                      <img decoding=\"async\" loading=\"lazy\" width=\"414\" height=\"250\" src=\"http:\/\/news.mrsantos.com\/wp-content\/uploads\/2022\/11\/cropped-course_5fd3ed409dc9a.png\" class=\"wp-image-736 style-355-image style-local-716-c21-image\" srcset=\"https:\/\/news.mrsantos.com\/wp-content\/uploads\/2022\/11\/cropped-course_5fd3ed409dc9a.png 414w, https:\/\/news.mrsantos.com\/wp-content\/uploads\/2022\/11\/cropped-course_5fd3ed409dc9a-300x181.png 300w\" sizes=\"(max-width: 414px) 100vw, 414px\" alt=\"\" \/>\n                      <div class=\"h-image__frame h-hide-lg h-hide-md h-hide-sm style-355-frameImage style-local-716-c21-frameImage\"><\/div>\n                    <\/div>\n                  <\/div>\n                <\/div>\n                <div data-colibri-id=\"716-c22\" class=\"h-row-container gutters-row-lg-0 gutters-row-md-0 gutters-row-2 gutters-row-v-lg-0 gutters-row-v-md-0 gutters-row-v-2 style-356 style-local-716-c22 position-relative\">\n                  <!---->\n                  <div class=\"h-row justify-content-lg-center justify-content-md-center justify-content-center align-items-lg-stretch align-items-md-stretch align-items-stretch gutters-col-lg-0 gutters-col-md-0 gutters-col-2 gutters-col-v-lg-0 gutters-col-v-md-0 gutters-col-v-2\">\n                    <!---->\n                    <div class=\"h-column h-column-container d-flex h-col-lg-auto h-col-md-auto h-col-auto style-357-outer style-local-716-c23-outer\">\n                      <div data-colibri-id=\"716-c23\" class=\"d-flex h-flex-basis h-column__inner h-px-lg-2 h-px-md-3 h-px-2 v-inner-lg-2 v-inner-md-3 v-inner-2 style-357 style-local-716-c23 position-relative\">\n                        <!---->\n                        <!---->\n                        <div class=\"w-100 h-y-container h-column__content h-column__v-align flex-basis-100 align-self-lg-start align-self-md-start align-self-start\">\n                          <!---->\n                          <div data-colibri-id=\"716-c24\" class=\"h-global-transition-all h-heading style-358 style-local-716-c24 position-relative h-element\">\n                            <!---->\n                            <div class=\"h-heading__outer style-358 style-local-716-c24\">\n                              <!---->\n                              <!---->\n                              <h4 class=\"\">AN\u00c1LISIS MAESTRO DANIEL ESTULIN<\/h4>\n                            <\/div>\n                          <\/div>\n                          <div data-colibri-id=\"716-c25\" class=\"h-text h-text-component style-359 style-local-716-c25 position-relative h-element\">\n                            <!---->\n                            <!---->\n                            <div class=\"\">\n                              <p>Fecha: Septiembre 2020<\/p>\n                              <p>Este Seminario ofreci\u00f3 respuestas a preguntas fundamentales como: \u00bfHabr\u00e1 Guerra Civil en USA? \u00bfC\u00f3mo afectar\u00eda esta Guerra a mi pa\u00eds? \u00bfCu\u00e1ndo va a producirse el colapso?<\/p>\n                            <\/div>\n                          <\/div>\n                        <\/div>\n                      <\/div>\n                    <\/div>\n                  <\/div>\n                <\/div>\n                <div data-colibri-id=\"716-c26\" class=\"h-x-container style-360 style-local-716-c26 position-relative h-element\">\n                  <!---->\n                  <div class=\"h-x-container-inner style-dynamic-716-c26-group style-360-spacing style-local-716-c26-spacing\"><span class=\"h-link__outer style-361-outer style-local-716-c27-outer d-inline-flex h-element\"><a h-use-smooth-scroll=\"true\" href=\"https:\/\/scuela.com\/es\/course\/seminario-grabado-analisis-maestro-el-futuro-del-mundo-segun-daniel-estulin\/393\" target=\"_blank\" data-colibri-id=\"716-c27\" class=\"d-flex w-100 align-items-center h-link style-361 style-local-716-c27 position-relative\" rel=\"noopener\"><!----><!----> <span>Leer m\u00e1s&#8230;<\/span>                    <span class=\"h-svg-icon h-link__icon style-361-icon style-local-716-c27-icon\"><!--Icon by Icons8 Line Awesome (https:\/\/icons8.com\/line-awesome)--><svg version=\"1.1\" xmlns=\"http:\/\/www.w3.org\/2000\/svg\" xmlns:xlink=\"http:\/\/www.w3.org\/1999\/xlink\" id=\"angle-double-right\" viewBox=\"0 0 512 545.5\"><path d=\"M145.5 108.5l168 168L325 288l-11.5 11.5-168 168-22.5-23L279.5 288 123 131.5zm112 0l168 168L437 288l-11.5 11.5-168 168-22.5-23L391.5 288 235 131.5z\"><\/path><\/svg><\/span><\/a>\n                    <\/span>\n                  <\/div>\n                <\/div>\n              <\/div>\n            <\/div>\n          <\/div>\n        <\/div>\n      <\/div>\n    <\/div>\n  <\/div>\n<\/div>","protected":false},"excerpt":{"rendered":"<p>CURSOS Y SEMINARIOS Realizo diferentes cursos y seminarios con expertos e influencers del sector blockchain y de econom\u00eda y finanzas. FISCALIDAD EN WEB3 Fecha: 21 de Diciembre 2022 Aprende sobre c\u00f3mo se declaran las criptomonedas en Espa\u00f1a y las cosas que debes tener en cuenta a la hora de formar una empresa. Leer m\u00e1s&#8230; ESPECULACI\u00d3N [&hellip;]<\/p>\n","protected":false},"author":1,"featured_media":0,"parent":0,"menu_order":0,"comment_status":"closed","ping_status":"closed","template":"page-templates\/full-width-page.php","meta":[],"_links":{"self":[{"href":"https:\/\/news.mrsantos.com\/index.php?rest_route=\/wp\/v2\/pages\/716"}],"collection":[{"href":"https:\/\/news.mrsantos.com\/index.php?rest_route=\/wp\/v2\/pages"}],"about":[{"href":"https:\/\/news.mrsantos.com\/index.php?rest_route=\/wp\/v2\/types\/page"}],"author":[{"embeddable":true,"href":"https:\/\/news.mrsantos.com\/index.php?rest_route=\/wp\/v2\/users\/1"}],"replies":[{"embeddable":true,"href":"https:\/\/news.mrsantos.com\/index.php?rest_route=%2Fwp%2Fv2%2Fcomments&post=716"}],"version-history":[{"count":4,"href":"https:\/\/news.mrsantos.com\/index.php?rest_route=\/wp\/v2\/pages\/716\/revisions"}],"predecessor-version":[{"id":899,"href":"https:\/\/news.mrsantos.com\/index.php?rest_route=\/wp\/v2\/pages\/716\/revisions\/899"}],"wp:attachment":[{"href":"https:\/\/news.mrsantos.com\/index.php?rest_route=%2Fwp%2Fv2%2Fmedia&parent=716"}],"curies":[{"name":"wp","href":"https:\/\/api.w.org\/{rel}","templated":true}]}}